{"id":2782,"date":"2025-09-11T10:56:26","date_gmt":"2025-09-11T08:56:26","guid":{"rendered":"https:\/\/hidev.kcs.agency\/?page_id=2782"},"modified":"2025-11-07T14:07:54","modified_gmt":"2025-11-07T13:07:54","slug":"komm-ins-team","status":"publish","type":"page","link":"https:\/\/www.hoffmann-interior.com\/en\/komm-ins-team\/","title":{"rendered":"Komm ins Team"},"content":{"rendered":"\t\t<div data-elementor-type=\"wp-page\" data-elementor-id=\"2782\" class=\"elementor elementor-2782\" data-elementor-post-type=\"page\">\n\t\t\t\t<div data-dce-background-image-url=\"https:\/\/www.hoffmann-interior.com\/wp-content\/uploads\/Hoffmann_Interior_Header_Team_Fullframe.jpg\" class=\"elementor-element elementor-element-84cf5dd e-con-full e-flex e-con e-parent\" data-id=\"84cf5dd\" data-element_type=\"container\" data-e-type=\"container\" data-settings=\"{&quot;background_background&quot;:&quot;classic&quot;}\">\n\t\t\t\t<div class=\"elementor-element elementor-element-00a91ef elementor-absolute elementor-widget elementor-widget-html\" data-id=\"00a91ef\" data-element_type=\"widget\" data-e-type=\"widget\" data-settings=\"{&quot;_position&quot;:&quot;absolute&quot;}\" data-widget_type=\"html.default\">\n\t\t\t\t\t<canvas id=\"gradient-canvas\" style=\"width: 125vw; height: 125vh; z-index: -1; filter: blur(30px);\"><\/canvas>\n        <script>\n            var gradient = new Gradient()\n            gradient.initGradient('#gradient-canvas');\n        <\/script>\t\t\t\t<\/div>\n\t\t\t\t<div class=\"elementor-element elementor-element-f0a50ee elementor-absolute elementor-widget elementor-widget-image\" data-id=\"f0a50ee\" data-element_type=\"widget\" data-e-type=\"widget\" data-settings=\"{&quot;_position&quot;:&quot;absolute&quot;}\" data-widget_type=\"image.default\">\n\t\t\t\t\t\t\t\t\t\t\t\t\t\t\t<img fetchpriority=\"high\" decoding=\"async\" width=\"800\" height=\"134\" src=\"https:\/\/www.hoffmann-interior.com\/wp-content\/uploads\/Hoffmann_Interior_Keilmaske_weiss.svg\" class=\"attachment-large size-large wp-image-3299\" alt=\"\" \/>\t\t\t\t\t\t\t\t\t\t\t\t\t\t\t<\/div>\n\t\t<div class=\"elementor-element elementor-element-397fdf9 e-flex e-con-boxed e-con e-child\" data-id=\"397fdf9\" data-element_type=\"container\" data-e-type=\"container\">\n\t\t\t\t\t<div class=\"e-con-inner\">\n\t\t<div class=\"elementor-element elementor-element-d621903 e-con-full e-flex e-con e-child\" data-id=\"d621903\" data-element_type=\"container\" data-e-type=\"container\">\n\t\t\t\t<\/div>\n\t\t\t\t\t<\/div>\n\t\t\t\t<\/div>\n\t\t\t\t<\/div>\n\t\t<div class=\"elementor-element elementor-element-aa36388 e-flex e-con-boxed e-con e-parent\" data-id=\"aa36388\" data-element_type=\"container\" data-e-type=\"container\" data-settings=\"{&quot;background_background&quot;:&quot;classic&quot;}\">\n\t\t\t\t\t<div class=\"e-con-inner\">\n\t\t<div class=\"elementor-element elementor-element-1eba274 e-con-full e-flex e-con e-child\" data-id=\"1eba274\" data-element_type=\"container\" data-e-type=\"container\">\n\t\t\t\t<div class=\"elementor-element elementor-element-9e49319 elementor-widget elementor-widget-heading\" data-id=\"9e49319\" data-element_type=\"widget\" data-e-type=\"widget\" data-widget_type=\"heading.default\">\n\t\t\t\t\t<h2 class=\"elementor-heading-title elementor-size-default\"><strong>Mit dir gemeinsam<\/strong><br>Gro\u00dfes schaffen<\/h2>\t\t\t\t<\/div>\n\t\t\t\t<div class=\"elementor-element elementor-element-c79f4db elementor-widget elementor-widget-text-editor\" data-id=\"c79f4db\" data-element_type=\"widget\" data-e-type=\"widget\" data-widget_type=\"text-editor.default\">\n\t\t\t\t\t\t\t\t\t<p>Bei uns z\u00e4hlen neben einem gro\u00dfartigem Ergebnis f\u00fcr unsere Kunden auch der Weg dorthin. Und diesen Weg gehen wir gemeinsam mit dir. \u201eCreating People Advantage&#8221; bedeutet f\u00fcr uns: Du stehst im Mittelpunkt! Wir f\u00f6rdern deine St\u00e4rken und begleiten dich auf deinem Weg nach vorn &#8211; im Job und als Mensch. Denn deine Talente und Ideen sind der Schl\u00fcssel zu unseren beeindruckenden Projekten. Entdecke, wie du bei uns wachsen, gestalten und Teil eines gro\u00dfartigen Teams werden kannst.<\/p>\t\t\t\t\t\t\t\t<\/div>\n\t\t\t\t<div class=\"elementor-element elementor-element-265603e elementor-widget elementor-widget-spacer\" data-id=\"265603e\" data-element_type=\"widget\" data-e-type=\"widget\" data-widget_type=\"spacer.default\">\n\t\t\t\t\t\t\t<div class=\"elementor-spacer\">\n\t\t\t<div class=\"elementor-spacer-inner\"><\/div>\n\t\t<\/div>\n\t\t\t\t\t\t<\/div>\n\t\t<div class=\"elementor-element elementor-element-3d00b9b e-con-full e-flex e-con e-child\" data-id=\"3d00b9b\" data-element_type=\"container\" data-e-type=\"container\">\n\t\t<div class=\"elementor-element elementor-element-2e0fc52 e-con-full e-flex e-con e-child\" data-id=\"2e0fc52\" data-element_type=\"container\" data-e-type=\"container\">\n\t\t\t\t<div class=\"elementor-element elementor-element-0825515 elementor-widget__width-auto elementor-align-justify elementor-widget elementor-widget-button\" data-id=\"0825515\" data-element_type=\"widget\" data-e-type=\"widget\" data-widget_type=\"button.default\">\n\t\t\t\t\t\t\t\t\t\t<a class=\"elementor-button elementor-button-link elementor-size-sm\" href=\"\/stellenangebote\/\">\n\t\t\t\t\t\t<span class=\"elementor-button-content-wrapper\">\n\t\t\t\t\t\t\t\t\t<span class=\"elementor-button-text\">Stellenangebote<\/span>\n\t\t\t\t\t<\/span>\n\t\t\t\t\t<\/a>\n\t\t\t\t\t\t\t\t<\/div>\n\t\t\t\t<\/div>\n\t\t<div class=\"elementor-element elementor-element-6f586a0 e-con-full elementor-hidden-tablet elementor-hidden-mobile e-flex e-con e-child\" data-id=\"6f586a0\" data-element_type=\"container\" data-e-type=\"container\">\n\t\t\t\t<div class=\"elementor-element elementor-element-6ad91dc elementor-widget elementor-widget-image\" data-id=\"6ad91dc\" data-element_type=\"widget\" data-e-type=\"widget\" data-widget_type=\"image.default\">\n\t\t\t\t\t\t\t\t\t\t\t\t\t\t\t<img decoding=\"async\" width=\"1\" height=\"1\" src=\"https:\/\/www.hoffmann-interior.com\/wp-content\/uploads\/Hoffmann_Interior_Linepix-s.jpg\" class=\"attachment-full size-full wp-image-2858\" alt=\"\" \/>\t\t\t\t\t\t\t\t\t\t\t\t\t\t\t<\/div>\n\t\t\t\t<\/div>\n\t\t<div class=\"elementor-element elementor-element-6c66977 e-con-full e-flex e-con e-child\" data-id=\"6c66977\" data-element_type=\"container\" data-e-type=\"container\">\n\t\t\t\t<div class=\"elementor-element elementor-element-014297b elementor-widget__width-auto elementor-align-justify elementor-widget elementor-widget-button\" data-id=\"014297b\" data-element_type=\"widget\" data-e-type=\"widget\" data-widget_type=\"button.default\">\n\t\t\t\t\t\t\t\t\t\t<a class=\"elementor-button elementor-button-link elementor-size-sm\" href=\"https:\/\/www.hoffmann-interior.com\/ausbildung\/\">\n\t\t\t\t\t\t<span class=\"elementor-button-content-wrapper\">\n\t\t\t\t\t\t\t\t\t<span class=\"elementor-button-text\">Ausbildung<\/span>\n\t\t\t\t\t<\/span>\n\t\t\t\t\t<\/a>\n\t\t\t\t\t\t\t\t<\/div>\n\t\t\t\t<\/div>\n\t\t<div class=\"elementor-element elementor-element-ea7bee6 e-con-full elementor-hidden-tablet elementor-hidden-mobile e-flex e-con e-child\" data-id=\"ea7bee6\" data-element_type=\"container\" data-e-type=\"container\">\n\t\t\t\t<div class=\"elementor-element elementor-element-df8f427 elementor-widget elementor-widget-image\" data-id=\"df8f427\" data-element_type=\"widget\" data-e-type=\"widget\" data-widget_type=\"image.default\">\n\t\t\t\t\t\t\t\t\t\t\t\t\t\t\t<img decoding=\"async\" width=\"1\" height=\"1\" src=\"https:\/\/www.hoffmann-interior.com\/wp-content\/uploads\/Hoffmann_Interior_Linepix-s.jpg\" class=\"attachment-full size-full wp-image-2858\" alt=\"\" \/>\t\t\t\t\t\t\t\t\t\t\t\t\t\t\t<\/div>\n\t\t\t\t<\/div>\n\t\t<div class=\"elementor-element elementor-element-120eb3a e-con-full e-flex e-con e-child\" data-id=\"120eb3a\" data-element_type=\"container\" data-e-type=\"container\">\n\t\t\t\t<div class=\"elementor-element elementor-element-64d1336 elementor-widget__width-auto elementor-align-justify elementor-widget elementor-widget-button\" data-id=\"64d1336\" data-element_type=\"widget\" data-e-type=\"widget\" data-widget_type=\"button.default\">\n\t\t\t\t\t\t\t\t\t\t<a class=\"elementor-button elementor-button-link elementor-size-sm\" href=\"\/praktikum\/\">\n\t\t\t\t\t\t<span class=\"elementor-button-content-wrapper\">\n\t\t\t\t\t\t\t\t\t<span class=\"elementor-button-text\">Praktikum<\/span>\n\t\t\t\t\t<\/span>\n\t\t\t\t\t<\/a>\n\t\t\t\t\t\t\t\t<\/div>\n\t\t\t\t<\/div>\n\t\t\t\t<\/div>\n\t\t\t\t<\/div>\n\t\t<div class=\"elementor-element elementor-element-2d2d4e6 e-con-full e-flex e-con e-child\" data-id=\"2d2d4e6\" data-element_type=\"container\" data-e-type=\"container\">\n\t\t\t\t<\/div>\n\t\t\t\t\t<\/div>\n\t\t\t\t<\/div>\n\t\t\t\t<\/div>\n\t\t","protected":false},"excerpt":{"rendered":"<p>Mit dir gemeinsamGro\u00dfes schaffen Bei uns z\u00e4hlen neben einem gro\u00dfartigem Ergebnis f\u00fcr unsere Kunden auch der Weg dorthin. Und diesen Weg gehen wir gemeinsam mit dir. \u201eCreating People Advantage&#8221; bedeutet f\u00fcr uns: Du stehst im Mittelpunkt! Wir f\u00f6rdern deine St\u00e4rken und begleiten dich auf deinem Weg nach vorn &#8211; im Job und als Mensch. Denn [&hellip;]<\/p>\n","protected":false},"author":1,"featured_media":3293,"parent":0,"menu_order":0,"comment_status":"closed","ping_status":"closed","template":"elementor_header_footer","meta":{"_acf_changed":false,"footnotes":""},"class_list":["post-2782","page","type-page","status-publish","has-post-thumbnail","hentry"],"acf":[],"yoast_head":"<!-- This site is optimized with the Yoast SEO plugin v27.6 - https:\/\/yoast.com\/product\/yoast-seo-wordpress\/ -->\n<title>Komm ins Team - Hoffmann Interior<\/title>\n<meta name=\"description\" content=\"Bei uns z\u00e4hlen neben einem gro\u00dfartigem Ergebnis f\u00fcr unsere Kunden auch der Weg dorthin. Und diesen Weg gehen wir gemeinsam mit dir. \u201eCreating People Advantage\u201c bedeutet f\u00fcr uns: Du stehst im Mittelpunkt!\" \/>\n<meta name=\"robots\" content=\"index, follow, max-snippet:-1, max-image-preview:large, max-video-preview:-1\" \/>\n<link rel=\"canonical\" href=\"https:\/\/www.hoffmann-interior.com\/en\/komm-ins-team\/\" \/>\n<meta property=\"og:locale\" content=\"en_US\" \/>\n<meta property=\"og:type\" content=\"article\" \/>\n<meta property=\"og:title\" content=\"Komm ins Team - Hoffmann Interior\" \/>\n<meta property=\"og:description\" content=\"Bei uns z\u00e4hlen neben einem gro\u00dfartigem Ergebnis f\u00fcr unsere Kunden auch der Weg dorthin. Und diesen Weg gehen wir gemeinsam mit dir. \u201eCreating People Advantage\u201c bedeutet f\u00fcr uns: Du stehst im Mittelpunkt!\" \/>\n<meta property=\"og:url\" content=\"https:\/\/www.hoffmann-interior.com\/en\/komm-ins-team\/\" \/>\n<meta property=\"og:site_name\" content=\"Hoffmann Interior\" \/>\n<meta property=\"article:publisher\" content=\"https:\/\/www.facebook.com\/HoffmannInterior\/\" \/>\n<meta property=\"article:modified_time\" content=\"2025-11-07T13:07:54+00:00\" \/>\n<meta property=\"og:image\" content=\"https:\/\/www.hoffmann-interior.com\/wp-content\/uploads\/Hoffmann_Interior_Header_Team_Fullframe.jpg\" \/>\n\t<meta property=\"og:image:width\" content=\"2560\" \/>\n\t<meta property=\"og:image:height\" content=\"1890\" \/>\n\t<meta property=\"og:image:type\" content=\"image\/jpeg\" \/>\n<meta name=\"twitter:card\" content=\"summary_large_image\" \/>\n<script type=\"application\/ld+json\" class=\"yoast-schema-graph\">{\"@context\":\"https:\\\/\\\/schema.org\",\"@graph\":[{\"@type\":\"WebPage\",\"@id\":\"https:\\\/\\\/www.hoffmann-interior.com\\\/en\\\/komm-ins-team\\\/\",\"url\":\"https:\\\/\\\/www.hoffmann-interior.com\\\/en\\\/komm-ins-team\\\/\",\"name\":\"Komm ins Team - Hoffmann Interior\",\"isPartOf\":{\"@id\":\"https:\\\/\\\/www.hoffmann-interior.com\\\/en\\\/#website\"},\"primaryImageOfPage\":{\"@id\":\"https:\\\/\\\/www.hoffmann-interior.com\\\/en\\\/komm-ins-team\\\/#primaryimage\"},\"image\":{\"@id\":\"https:\\\/\\\/www.hoffmann-interior.com\\\/en\\\/komm-ins-team\\\/#primaryimage\"},\"thumbnailUrl\":\"https:\\\/\\\/www.hoffmann-interior.com\\\/wp-content\\\/uploads\\\/Hoffmann_Interior_Header_Team_Fullframe.jpg\",\"datePublished\":\"2025-09-11T08:56:26+00:00\",\"dateModified\":\"2025-11-07T13:07:54+00:00\",\"description\":\"Bei uns z\u00e4hlen neben einem gro\u00dfartigem Ergebnis f\u00fcr unsere Kunden auch der Weg dorthin. Und diesen Weg gehen wir gemeinsam mit dir. \u201eCreating People Advantage\u201c bedeutet f\u00fcr uns: Du stehst im Mittelpunkt!\",\"breadcrumb\":{\"@id\":\"https:\\\/\\\/www.hoffmann-interior.com\\\/en\\\/komm-ins-team\\\/#breadcrumb\"},\"inLanguage\":\"en-US\",\"potentialAction\":[{\"@type\":\"ReadAction\",\"target\":[\"https:\\\/\\\/www.hoffmann-interior.com\\\/en\\\/komm-ins-team\\\/\"]}]},{\"@type\":\"ImageObject\",\"inLanguage\":\"en-US\",\"@id\":\"https:\\\/\\\/www.hoffmann-interior.com\\\/en\\\/komm-ins-team\\\/#primaryimage\",\"url\":\"https:\\\/\\\/www.hoffmann-interior.com\\\/wp-content\\\/uploads\\\/Hoffmann_Interior_Header_Team_Fullframe.jpg\",\"contentUrl\":\"https:\\\/\\\/www.hoffmann-interior.com\\\/wp-content\\\/uploads\\\/Hoffmann_Interior_Header_Team_Fullframe.jpg\",\"width\":2560,\"height\":1890,\"caption\":\"Komm ins Team von Hoffmann Interior \u2013 Stellenangebote \u2013 Ausbildung \u2013 Praktikum\"},{\"@type\":\"BreadcrumbList\",\"@id\":\"https:\\\/\\\/www.hoffmann-interior.com\\\/en\\\/komm-ins-team\\\/#breadcrumb\",\"itemListElement\":[{\"@type\":\"ListItem\",\"position\":1,\"name\":\"Startseite\",\"item\":\"https:\\\/\\\/www.hoffmann-interior.com\\\/en\\\/\"},{\"@type\":\"ListItem\",\"position\":2,\"name\":\"Komm ins Team\"}]},{\"@type\":\"WebSite\",\"@id\":\"https:\\\/\\\/www.hoffmann-interior.com\\\/en\\\/#website\",\"url\":\"https:\\\/\\\/www.hoffmann-interior.com\\\/en\\\/\",\"name\":\"Hoffmann Interior\",\"description\":\"\",\"publisher\":{\"@id\":\"https:\\\/\\\/www.hoffmann-interior.com\\\/en\\\/#organization\"},\"potentialAction\":[{\"@type\":\"SearchAction\",\"target\":{\"@type\":\"EntryPoint\",\"urlTemplate\":\"https:\\\/\\\/www.hoffmann-interior.com\\\/en\\\/?s={search_term_string}\"},\"query-input\":{\"@type\":\"PropertyValueSpecification\",\"valueRequired\":true,\"valueName\":\"search_term_string\"}}],\"inLanguage\":\"en-US\"},{\"@type\":\"Organization\",\"@id\":\"https:\\\/\\\/www.hoffmann-interior.com\\\/en\\\/#organization\",\"name\":\"Hoffmann Interior GmbH & Co. KG\",\"url\":\"https:\\\/\\\/www.hoffmann-interior.com\\\/en\\\/\",\"logo\":{\"@type\":\"ImageObject\",\"inLanguage\":\"en-US\",\"@id\":\"https:\\\/\\\/www.hoffmann-interior.com\\\/en\\\/#\\\/schema\\\/logo\\\/image\\\/\",\"url\":\"https:\\\/\\\/www.hoffmann-interior.com\\\/wp-content\\\/uploads\\\/Hoffmann_Interior_Logo_blau.svg\",\"contentUrl\":\"https:\\\/\\\/www.hoffmann-interior.com\\\/wp-content\\\/uploads\\\/Hoffmann_Interior_Logo_blau.svg\",\"width\":603,\"height\":204,\"caption\":\"Hoffmann Interior GmbH & Co. KG\"},\"image\":{\"@id\":\"https:\\\/\\\/www.hoffmann-interior.com\\\/en\\\/#\\\/schema\\\/logo\\\/image\\\/\"},\"sameAs\":[\"https:\\\/\\\/www.facebook.com\\\/HoffmannInterior\\\/\",\"https:\\\/\\\/www.instagram.com\\\/hoffmann.interior\\\/\",\"https:\\\/\\\/www.linkedin.com\\\/company\\\/hoffmann-interior\"]}]}<\/script>\n<!-- \/ Yoast SEO plugin. -->","yoast_head_json":{"title":"Komm ins Team - Hoffmann Interior","description":"Bei uns z\u00e4hlen neben einem gro\u00dfartigem Ergebnis f\u00fcr unsere Kunden auch der Weg dorthin. Und diesen Weg gehen wir gemeinsam mit dir. \u201eCreating People Advantage\u201c bedeutet f\u00fcr uns: Du stehst im Mittelpunkt!","robots":{"index":"index","follow":"follow","max-snippet":"max-snippet:-1","max-image-preview":"max-image-preview:large","max-video-preview":"max-video-preview:-1"},"canonical":"https:\/\/www.hoffmann-interior.com\/en\/komm-ins-team\/","og_locale":"en_US","og_type":"article","og_title":"Komm ins Team - Hoffmann Interior","og_description":"Bei uns z\u00e4hlen neben einem gro\u00dfartigem Ergebnis f\u00fcr unsere Kunden auch der Weg dorthin. Und diesen Weg gehen wir gemeinsam mit dir. \u201eCreating People Advantage\u201c bedeutet f\u00fcr uns: Du stehst im Mittelpunkt!","og_url":"https:\/\/www.hoffmann-interior.com\/en\/komm-ins-team\/","og_site_name":"Hoffmann Interior","article_publisher":"https:\/\/www.facebook.com\/HoffmannInterior\/","article_modified_time":"2025-11-07T13:07:54+00:00","og_image":[{"width":2560,"height":1890,"url":"https:\/\/www.hoffmann-interior.com\/wp-content\/uploads\/Hoffmann_Interior_Header_Team_Fullframe.jpg","type":"image\/jpeg"}],"twitter_card":"summary_large_image","schema":{"@context":"https:\/\/schema.org","@graph":[{"@type":"WebPage","@id":"https:\/\/www.hoffmann-interior.com\/en\/komm-ins-team\/","url":"https:\/\/www.hoffmann-interior.com\/en\/komm-ins-team\/","name":"Komm ins Team - Hoffmann Interior","isPartOf":{"@id":"https:\/\/www.hoffmann-interior.com\/en\/#website"},"primaryImageOfPage":{"@id":"https:\/\/www.hoffmann-interior.com\/en\/komm-ins-team\/#primaryimage"},"image":{"@id":"https:\/\/www.hoffmann-interior.com\/en\/komm-ins-team\/#primaryimage"},"thumbnailUrl":"https:\/\/www.hoffmann-interior.com\/wp-content\/uploads\/Hoffmann_Interior_Header_Team_Fullframe.jpg","datePublished":"2025-09-11T08:56:26+00:00","dateModified":"2025-11-07T13:07:54+00:00","description":"Bei uns z\u00e4hlen neben einem gro\u00dfartigem Ergebnis f\u00fcr unsere Kunden auch der Weg dorthin. Und diesen Weg gehen wir gemeinsam mit dir. \u201eCreating People Advantage\u201c bedeutet f\u00fcr uns: Du stehst im Mittelpunkt!","breadcrumb":{"@id":"https:\/\/www.hoffmann-interior.com\/en\/komm-ins-team\/#breadcrumb"},"inLanguage":"en-US","potentialAction":[{"@type":"ReadAction","target":["https:\/\/www.hoffmann-interior.com\/en\/komm-ins-team\/"]}]},{"@type":"ImageObject","inLanguage":"en-US","@id":"https:\/\/www.hoffmann-interior.com\/en\/komm-ins-team\/#primaryimage","url":"https:\/\/www.hoffmann-interior.com\/wp-content\/uploads\/Hoffmann_Interior_Header_Team_Fullframe.jpg","contentUrl":"https:\/\/www.hoffmann-interior.com\/wp-content\/uploads\/Hoffmann_Interior_Header_Team_Fullframe.jpg","width":2560,"height":1890,"caption":"Komm ins Team von Hoffmann Interior \u2013 Stellenangebote \u2013 Ausbildung \u2013 Praktikum"},{"@type":"BreadcrumbList","@id":"https:\/\/www.hoffmann-interior.com\/en\/komm-ins-team\/#breadcrumb","itemListElement":[{"@type":"ListItem","position":1,"name":"Startseite","item":"https:\/\/www.hoffmann-interior.com\/en\/"},{"@type":"ListItem","position":2,"name":"Komm ins Team"}]},{"@type":"WebSite","@id":"https:\/\/www.hoffmann-interior.com\/en\/#website","url":"https:\/\/www.hoffmann-interior.com\/en\/","name":"Hoffmann Interior","description":"","publisher":{"@id":"https:\/\/www.hoffmann-interior.com\/en\/#organization"},"potentialAction":[{"@type":"SearchAction","target":{"@type":"EntryPoint","urlTemplate":"https:\/\/www.hoffmann-interior.com\/en\/?s={search_term_string}"},"query-input":{"@type":"PropertyValueSpecification","valueRequired":true,"valueName":"search_term_string"}}],"inLanguage":"en-US"},{"@type":"Organization","@id":"https:\/\/www.hoffmann-interior.com\/en\/#organization","name":"Hoffmann Interior GmbH & Co. KG","url":"https:\/\/www.hoffmann-interior.com\/en\/","logo":{"@type":"ImageObject","inLanguage":"en-US","@id":"https:\/\/www.hoffmann-interior.com\/en\/#\/schema\/logo\/image\/","url":"https:\/\/www.hoffmann-interior.com\/wp-content\/uploads\/Hoffmann_Interior_Logo_blau.svg","contentUrl":"https:\/\/www.hoffmann-interior.com\/wp-content\/uploads\/Hoffmann_Interior_Logo_blau.svg","width":603,"height":204,"caption":"Hoffmann Interior GmbH & Co. KG"},"image":{"@id":"https:\/\/www.hoffmann-interior.com\/en\/#\/schema\/logo\/image\/"},"sameAs":["https:\/\/www.facebook.com\/HoffmannInterior\/","https:\/\/www.instagram.com\/hoffmann.interior\/","https:\/\/www.linkedin.com\/company\/hoffmann-interior"]}]}},"ase":null,"_links":{"self":[{"href":"https:\/\/www.hoffmann-interior.com\/en\/wp-json\/wp\/v2\/pages\/2782","targetHints":{"allow":["GET"]}}],"collection":[{"href":"https:\/\/www.hoffmann-interior.com\/en\/wp-json\/wp\/v2\/pages"}],"about":[{"href":"https:\/\/www.hoffmann-interior.com\/en\/wp-json\/wp\/v2\/types\/page"}],"author":[{"embeddable":true,"href":"https:\/\/www.hoffmann-interior.com\/en\/wp-json\/wp\/v2\/users\/1"}],"replies":[{"embeddable":true,"href":"https:\/\/www.hoffmann-interior.com\/en\/wp-json\/wp\/v2\/comments?post=2782"}],"version-history":[{"count":15,"href":"https:\/\/www.hoffmann-interior.com\/en\/wp-json\/wp\/v2\/pages\/2782\/revisions"}],"predecessor-version":[{"id":5436,"href":"https:\/\/www.hoffmann-interior.com\/en\/wp-json\/wp\/v2\/pages\/2782\/revisions\/5436"}],"wp:featuredmedia":[{"embeddable":true,"href":"https:\/\/www.hoffmann-interior.com\/en\/wp-json\/wp\/v2\/media\/3293"}],"wp:attachment":[{"href":"https:\/\/www.hoffmann-interior.com\/en\/wp-json\/wp\/v2\/media?parent=2782"}],"curies":[{"name":"wp","href":"https:\/\/api.w.org\/{rel}","templated":true}]}}